{"id":28,"date":"2020-05-04T02:25:36","date_gmt":"2020-05-04T02:25:36","guid":{"rendered":"https:\/\/www.proclinica.cl\/?page_id=28"},"modified":"2021-01-15T21:05:38","modified_gmt":"2021-01-15T21:05:38","slug":"reserva-tu-hora","status":"publish","type":"page","link":"https:\/\/www.proclinica.cl\/index.php\/reserva-tu-hora\/","title":{"rendered":"Reserva tu hora"},"content":{"rendered":"\n<p><\/p>\n\n\n\n<p><strong>Dada la contingencia sanitaria<\/strong>, <strong>informamos a nuestros clientes que:<\/strong><\/p>\n\n\n\n<p><strong>La reserva de horas  solamente se efectuar\u00e1 a trav\u00e9s de WhatsApp (+56 9 5427 8298) o  a trav\u00e9s de nuestro numero fijo (41 225 0109)<\/strong>.<\/p>\n\n\n\n<p><strong>El horario de atenci\u00f3n es de 09:00 am hasta las 18:00 hrs.<\/strong><\/p>\n\n\n\n<p><\/p>\n","protected":false},"excerpt":{"rendered":"<p>Dada la contingencia sanitaria, informamos a nuestros clientes que: La reserva de horas solamente se efectuar\u00e1 a trav\u00e9s de WhatsApp (+56 9 5427 8298) o a trav\u00e9s de nuestro numero fijo (41 225 0109). El horario de atenci\u00f3n es de 09:00 am hasta las 18:00 hrs.<\/p>\n","protected":false},"author":1,"featured_media":0,"parent":0,"menu_order":0,"comment_status":"closed","ping_status":"closed","template":"","meta":[],"_links":{"self":[{"href":"https:\/\/www.proclinica.cl\/index.php\/wp-json\/wp\/v2\/pages\/28"}],"collection":[{"href":"https:\/\/www.proclinica.cl\/index.php\/wp-json\/wp\/v2\/pages"}],"about":[{"href":"https:\/\/www.proclinica.cl\/index.php\/wp-json\/wp\/v2\/types\/page"}],"author":[{"embeddable":true,"href":"https:\/\/www.proclinica.cl\/index.php\/wp-json\/wp\/v2\/users\/1"}],"replies":[{"embeddable":true,"href":"https:\/\/www.proclinica.cl\/index.php\/wp-json\/wp\/v2\/comments?post=28"}],"version-history":[{"count":3,"href":"https:\/\/www.proclinica.cl\/index.php\/wp-json\/wp\/v2\/pages\/28\/revisions"}],"predecessor-version":[{"id":51,"href":"https:\/\/www.proclinica.cl\/index.php\/wp-json\/wp\/v2\/pages\/28\/revisions\/51"}],"wp:attachment":[{"href":"https:\/\/www.proclinica.cl\/index.php\/wp-json\/wp\/v2\/media?parent=28"}],"curies":[{"name":"wp","href":"https:\/\/api.w.org\/{rel}","templated":true}]}}