{"id":35,"date":"2020-05-04T02:29:38","date_gmt":"2020-05-04T02:29:38","guid":{"rendered":"https:\/\/www.proclinica.cl\/?page_id=35"},"modified":"2020-08-28T19:07:06","modified_gmt":"2020-08-28T19:07:06","slug":"somos","status":"publish","type":"page","link":"https:\/\/www.proclinica.cl\/index.php\/somos\/","title":{"rendered":"Somos"},"content":{"rendered":"\n<figure class=\"wp-block-image size-large is-resized\"><img loading=\"lazy\" src=\"https:\/\/www.proclinica.cl\/wp-content\/uploads\/2020\/08\/62512853_469408790462321_6822265785432408064_o-1024x389.jpg\" alt=\"\" class=\"wp-image-47\" width=\"1103\" height=\"419\" srcset=\"https:\/\/www.proclinica.cl\/wp-content\/uploads\/2020\/08\/62512853_469408790462321_6822265785432408064_o-1024x389.jpg 1024w, https:\/\/www.proclinica.cl\/wp-content\/uploads\/2020\/08\/62512853_469408790462321_6822265785432408064_o-300x114.jpg 300w, https:\/\/www.proclinica.cl\/wp-content\/uploads\/2020\/08\/62512853_469408790462321_6822265785432408064_o-768x292.jpg 768w, https:\/\/www.proclinica.cl\/wp-content\/uploads\/2020\/08\/62512853_469408790462321_6822265785432408064_o-1536x584.jpg 1536w, https:\/\/www.proclinica.cl\/wp-content\/uploads\/2020\/08\/62512853_469408790462321_6822265785432408064_o.jpg 1725w\" sizes=\"(max-width: 1103px) 100vw, 1103px\" \/><\/figure>\n\n\n\n<p align=\"justify\"><strong>ProCl\u00ednica<\/strong> nace con el objetivo de acercar una salud de calidad a todos los habitantes de Concepci\u00f3n. Ubicado en el coraz\u00f3n de de la ciudad, espec\u00edficamente en Tucapel 143, en nuestro Centro M\u00e9dico encontrar\u00e1s consultas m\u00e9dicas, rehabilitaci\u00f3n kinesiol\u00f3gica, toma de muestras, vacunatorio y procedimientos. Estamos enfocados en brindar cobertura de salud sin distinci\u00f3n, disponiendo de modernas instalaciones y profesionales altamente capacitados para resolver las necesidades de todos nuestros pacientes. \u00a1Te esperamos!<\/p>\n\n\n\n<p><\/p>\n","protected":false},"excerpt":{"rendered":"<p>ProCl\u00ednica nace con el objetivo de acercar una salud de calidad a todos los habitantes de Concepci\u00f3n. Ubicado en el coraz\u00f3n de de la ciudad, espec\u00edficamente en Tucapel 143, en nuestro Centro M\u00e9dico encontrar\u00e1s consultas m\u00e9dicas, rehabilitaci\u00f3n kinesiol\u00f3gica, toma de muestras, vacunatorio y procedimientos. Estamos enfocados en brindar cobertura de salud sin distinci\u00f3n, disponiendo de [&hellip;]<\/p>\n","protected":false},"author":1,"featured_media":0,"parent":0,"menu_order":0,"comment_status":"closed","ping_status":"closed","template":"","meta":[],"_links":{"self":[{"href":"https:\/\/www.proclinica.cl\/index.php\/wp-json\/wp\/v2\/pages\/35"}],"collection":[{"href":"https:\/\/www.proclinica.cl\/index.php\/wp-json\/wp\/v2\/pages"}],"about":[{"href":"https:\/\/www.proclinica.cl\/index.php\/wp-json\/wp\/v2\/types\/page"}],"author":[{"embeddable":true,"href":"https:\/\/www.proclinica.cl\/index.php\/wp-json\/wp\/v2\/users\/1"}],"replies":[{"embeddable":true,"href":"https:\/\/www.proclinica.cl\/index.php\/wp-json\/wp\/v2\/comments?post=35"}],"version-history":[{"count":3,"href":"https:\/\/www.proclinica.cl\/index.php\/wp-json\/wp\/v2\/pages\/35\/revisions"}],"predecessor-version":[{"id":48,"href":"https:\/\/www.proclinica.cl\/index.php\/wp-json\/wp\/v2\/pages\/35\/revisions\/48"}],"wp:attachment":[{"href":"https:\/\/www.proclinica.cl\/index.php\/wp-json\/wp\/v2\/media?parent=35"}],"curies":[{"name":"wp","href":"https:\/\/api.w.org\/{rel}","templated":true}]}}